{"id":10,"date":"2025-03-06T17:25:06","date_gmt":"2025-03-06T17:25:06","guid":{"rendered":"https:\/\/cranky-euclid.51-75-243-206.plesk.page\/?page_id=10"},"modified":"2025-03-07T02:57:10","modified_gmt":"2025-03-07T02:57:10","slug":"nos-techniques-de-personnalisation","status":"publish","type":"page","link":"https:\/\/magical-pascal.51-75-243-206.plesk.page\/?page_id=10","title":{"rendered":"Nos Techniques de Personnalisation"},"content":{"rendered":"","protected":false},"excerpt":{"rendered":"","protected":false},"author":1,"featured_media":0,"parent":0,"menu_order":0,"comment_status":"closed","ping_status":"closed","template":"","meta":{"_acf_changed":false,"footnotes":""},"class_list":["post-10","page","type-page","status-publish","hentry"],"acf":[],"yoast_head":"<!-- This site is optimized with the Yoast SEO plugin v24.6 - https:\/\/yoast.com\/wordpress\/plugins\/seo\/ -->\n<title>Nos Techniques \u2013 Broderie, Sublimation, DTF, Impression UV, Flocage et Impression Grand Format - BIPILI<\/title>\n<meta name=\"description\" content=\"D\u00e9couvrez toutes les techniques ma\u00eetris\u00e9es par Bipili : broderie, sublimation, impression UV, flocage v\u00e9hicule, impression grand format et DTF.\" \/>\n<meta name=\"robots\" content=\"index, follow, max-snippet:-1, max-image-preview:large, max-video-preview:-1\" \/>\n<link rel=\"canonical\" href=\"https:\/\/magical-pascal.51-75-243-206.plesk.page\/?page_id=10\" \/>\n<meta property=\"og:locale\" content=\"fr_FR\" \/>\n<meta property=\"og:type\" content=\"article\" \/>\n<meta property=\"og:title\" content=\"Nos Techniques \u2013 Broderie, Sublimation, DTF, Impression UV, Flocage et Impression Grand Format - BIPILI\" \/>\n<meta property=\"og:description\" content=\"D\u00e9couvrez toutes les techniques ma\u00eetris\u00e9es par Bipili : broderie, sublimation, impression UV, flocage v\u00e9hicule, impression grand format et DTF.\" \/>\n<meta property=\"og:url\" content=\"https:\/\/magical-pascal.51-75-243-206.plesk.page\/?page_id=10\" \/>\n<meta property=\"og:site_name\" content=\"BIPILI\" \/>\n<meta property=\"article:modified_time\" content=\"2025-03-07T02:57:10+00:00\" \/>\n<meta name=\"twitter:card\" content=\"summary_large_image\" \/>\n<script type=\"application\/ld+json\" class=\"yoast-schema-graph\">{\"@context\":\"https:\/\/schema.org\",\"@graph\":[{\"@type\":\"WebPage\",\"@id\":\"https:\/\/magical-pascal.51-75-243-206.plesk.page\/?page_id=10\",\"url\":\"https:\/\/magical-pascal.51-75-243-206.plesk.page\/?page_id=10\",\"name\":\"Nos Techniques \u2013 Broderie, Sublimation, DTF, Impression UV, Flocage et Impression Grand Format - BIPILI\",\"isPartOf\":{\"@id\":\"https:\/\/magical-pascal.51-75-243-206.plesk.page\/#website\"},\"datePublished\":\"2025-03-06T17:25:06+00:00\",\"dateModified\":\"2025-03-07T02:57:10+00:00\",\"description\":\"D\u00e9couvrez toutes les techniques ma\u00eetris\u00e9es par Bipili : broderie, sublimation, impression UV, flocage v\u00e9hicule, impression grand format et DTF.\",\"breadcrumb\":{\"@id\":\"https:\/\/magical-pascal.51-75-243-206.plesk.page\/?page_id=10#breadcrumb\"},\"inLanguage\":\"fr-FR\",\"potentialAction\":[{\"@type\":\"ReadAction\",\"target\":[\"https:\/\/magical-pascal.51-75-243-206.plesk.page\/?page_id=10\"]}]},{\"@type\":\"BreadcrumbList\",\"@id\":\"https:\/\/magical-pascal.51-75-243-206.plesk.page\/?page_id=10#breadcrumb\",\"itemListElement\":[{\"@type\":\"ListItem\",\"position\":1,\"name\":\"Accueil\",\"item\":\"https:\/\/magical-pascal.51-75-243-206.plesk.page\/\"},{\"@type\":\"ListItem\",\"position\":2,\"name\":\"Nos Techniques de Personnalisation\"}]},{\"@type\":\"WebSite\",\"@id\":\"https:\/\/magical-pascal.51-75-243-206.plesk.page\/#website\",\"url\":\"https:\/\/magical-pascal.51-75-243-206.plesk.page\/\",\"name\":\"BIPILI\",\"description\":\"\",\"potentialAction\":[{\"@type\":\"SearchAction\",\"target\":{\"@type\":\"EntryPoint\",\"urlTemplate\":\"https:\/\/magical-pascal.51-75-243-206.plesk.page\/?s={search_term_string}\"},\"query-input\":{\"@type\":\"PropertyValueSpecification\",\"valueRequired\":true,\"valueName\":\"search_term_string\"}}],\"inLanguage\":\"fr-FR\"}]}<\/script>\n<!-- \/ Yoast SEO plugin. -->","yoast_head_json":{"title":"Nos Techniques \u2013 Broderie, Sublimation, DTF, Impression UV, Flocage et Impression Grand Format - BIPILI","description":"D\u00e9couvrez toutes les techniques ma\u00eetris\u00e9es par Bipili : broderie, sublimation, impression UV, flocage v\u00e9hicule, impression grand format et DTF.","robots":{"index":"index","follow":"follow","max-snippet":"max-snippet:-1","max-image-preview":"max-image-preview:large","max-video-preview":"max-video-preview:-1"},"canonical":"https:\/\/magical-pascal.51-75-243-206.plesk.page\/?page_id=10","og_locale":"fr_FR","og_type":"article","og_title":"Nos Techniques \u2013 Broderie, Sublimation, DTF, Impression UV, Flocage et Impression Grand Format - BIPILI","og_description":"D\u00e9couvrez toutes les techniques ma\u00eetris\u00e9es par Bipili : broderie, sublimation, impression UV, flocage v\u00e9hicule, impression grand format et DTF.","og_url":"https:\/\/magical-pascal.51-75-243-206.plesk.page\/?page_id=10","og_site_name":"BIPILI","article_modified_time":"2025-03-07T02:57:10+00:00","twitter_card":"summary_large_image","schema":{"@context":"https:\/\/schema.org","@graph":[{"@type":"WebPage","@id":"https:\/\/magical-pascal.51-75-243-206.plesk.page\/?page_id=10","url":"https:\/\/magical-pascal.51-75-243-206.plesk.page\/?page_id=10","name":"Nos Techniques \u2013 Broderie, Sublimation, DTF, Impression UV, Flocage et Impression Grand Format - BIPILI","isPartOf":{"@id":"https:\/\/magical-pascal.51-75-243-206.plesk.page\/#website"},"datePublished":"2025-03-06T17:25:06+00:00","dateModified":"2025-03-07T02:57:10+00:00","description":"D\u00e9couvrez toutes les techniques ma\u00eetris\u00e9es par Bipili : broderie, sublimation, impression UV, flocage v\u00e9hicule, impression grand format et DTF.","breadcrumb":{"@id":"https:\/\/magical-pascal.51-75-243-206.plesk.page\/?page_id=10#breadcrumb"},"inLanguage":"fr-FR","potentialAction":[{"@type":"ReadAction","target":["https:\/\/magical-pascal.51-75-243-206.plesk.page\/?page_id=10"]}]},{"@type":"BreadcrumbList","@id":"https:\/\/magical-pascal.51-75-243-206.plesk.page\/?page_id=10#breadcrumb","itemListElement":[{"@type":"ListItem","position":1,"name":"Accueil","item":"https:\/\/magical-pascal.51-75-243-206.plesk.page\/"},{"@type":"ListItem","position":2,"name":"Nos Techniques de Personnalisation"}]},{"@type":"WebSite","@id":"https:\/\/magical-pascal.51-75-243-206.plesk.page\/#website","url":"https:\/\/magical-pascal.51-75-243-206.plesk.page\/","name":"BIPILI","description":"","potentialAction":[{"@type":"SearchAction","target":{"@type":"EntryPoint","urlTemplate":"https:\/\/magical-pascal.51-75-243-206.plesk.page\/?s={search_term_string}"},"query-input":{"@type":"PropertyValueSpecification","valueRequired":true,"valueName":"search_term_string"}}],"inLanguage":"fr-FR"}]}},"_links":{"self":[{"href":"https:\/\/magical-pascal.51-75-243-206.plesk.page\/index.php?rest_route=\/wp\/v2\/pages\/10","targetHints":{"allow":["GET"]}}],"collection":[{"href":"https:\/\/magical-pascal.51-75-243-206.plesk.page\/index.php?rest_route=\/wp\/v2\/pages"}],"about":[{"href":"https:\/\/magical-pascal.51-75-243-206.plesk.page\/index.php?rest_route=\/wp\/v2\/types\/page"}],"author":[{"embeddable":true,"href":"https:\/\/magical-pascal.51-75-243-206.plesk.page\/index.php?rest_route=\/wp\/v2\/users\/1"}],"replies":[{"embeddable":true,"href":"https:\/\/magical-pascal.51-75-243-206.plesk.page\/index.php?rest_route=%2Fwp%2Fv2%2Fcomments&post=10"}],"version-history":[{"count":2,"href":"https:\/\/magical-pascal.51-75-243-206.plesk.page\/index.php?rest_route=\/wp\/v2\/pages\/10\/revisions"}],"predecessor-version":[{"id":17,"href":"https:\/\/magical-pascal.51-75-243-206.plesk.page\/index.php?rest_route=\/wp\/v2\/pages\/10\/revisions\/17"}],"wp:attachment":[{"href":"https:\/\/magical-pascal.51-75-243-206.plesk.page\/index.php?rest_route=%2Fwp%2Fv2%2Fmedia&parent=10"}],"curies":[{"name":"wp","href":"https:\/\/api.w.org\/{rel}","templated":true}]}}