{"id":13,"date":"2025-03-06T17:25:57","date_gmt":"2025-03-06T17:25:57","guid":{"rendered":"https:\/\/cranky-euclid.51-75-243-206.plesk.page\/?page_id=13"},"modified":"2025-03-07T03:35:32","modified_gmt":"2025-03-07T03:35:32","slug":"engagement-ecoresponsable","status":"publish","type":"page","link":"https:\/\/magical-pascal.51-75-243-206.plesk.page\/?page_id=13","title":{"rendered":"Engagement \u00c9coresponsable"},"content":{"rendered":"","protected":false},"excerpt":{"rendered":"","protected":false},"author":1,"featured_media":0,"parent":0,"menu_order":0,"comment_status":"closed","ping_status":"closed","template":"","meta":{"_acf_changed":false,"footnotes":""},"class_list":["post-13","page","type-page","status-publish","hentry"],"acf":[],"yoast_head":"<!-- This site is optimized with the Yoast SEO plugin v24.6 - https:\/\/yoast.com\/wordpress\/plugins\/seo\/ -->\n<title>Engagement \u00c9coresponsable \u2013 Bipili : Qualit\u00e9 Artisanale, Impact Positif<\/title>\n<meta name=\"description\" content=\"D\u00e9couvrez l\u2019engagement \u00e9coresponsable de Bipili : encres \u00e9cologiques, mati\u00e8res durables, circuits courts, recyclage et production locale.\" \/>\n<meta name=\"robots\" content=\"index, follow, max-snippet:-1, max-image-preview:large, max-video-preview:-1\" \/>\n<link rel=\"canonical\" href=\"https:\/\/magical-pascal.51-75-243-206.plesk.page\/?page_id=13\" \/>\n<meta property=\"og:locale\" content=\"fr_FR\" \/>\n<meta property=\"og:type\" content=\"article\" \/>\n<meta property=\"og:title\" content=\"Engagement \u00c9coresponsable \u2013 Bipili : Qualit\u00e9 Artisanale, Impact Positif\" \/>\n<meta property=\"og:description\" content=\"D\u00e9couvrez l\u2019engagement \u00e9coresponsable de Bipili : encres \u00e9cologiques, mati\u00e8res durables, circuits courts, recyclage et production locale.\" \/>\n<meta property=\"og:url\" content=\"https:\/\/magical-pascal.51-75-243-206.plesk.page\/?page_id=13\" \/>\n<meta property=\"og:site_name\" content=\"BIPILI\" \/>\n<meta property=\"article:modified_time\" content=\"2025-03-07T03:35:32+00:00\" \/>\n<meta name=\"twitter:card\" content=\"summary_large_image\" \/>\n<script type=\"application\/ld+json\" class=\"yoast-schema-graph\">{\"@context\":\"https:\/\/schema.org\",\"@graph\":[{\"@type\":\"WebPage\",\"@id\":\"https:\/\/magical-pascal.51-75-243-206.plesk.page\/?page_id=13\",\"url\":\"https:\/\/magical-pascal.51-75-243-206.plesk.page\/?page_id=13\",\"name\":\"Engagement \u00c9coresponsable \u2013 Bipili : Qualit\u00e9 Artisanale, Impact Positif\",\"isPartOf\":{\"@id\":\"https:\/\/magical-pascal.51-75-243-206.plesk.page\/#website\"},\"datePublished\":\"2025-03-06T17:25:57+00:00\",\"dateModified\":\"2025-03-07T03:35:32+00:00\",\"description\":\"D\u00e9couvrez l\u2019engagement \u00e9coresponsable de Bipili : encres \u00e9cologiques, mati\u00e8res durables, circuits courts, recyclage et production locale.\",\"breadcrumb\":{\"@id\":\"https:\/\/magical-pascal.51-75-243-206.plesk.page\/?page_id=13#breadcrumb\"},\"inLanguage\":\"fr-FR\",\"potentialAction\":[{\"@type\":\"ReadAction\",\"target\":[\"https:\/\/magical-pascal.51-75-243-206.plesk.page\/?page_id=13\"]}]},{\"@type\":\"BreadcrumbList\",\"@id\":\"https:\/\/magical-pascal.51-75-243-206.plesk.page\/?page_id=13#breadcrumb\",\"itemListElement\":[{\"@type\":\"ListItem\",\"position\":1,\"name\":\"Accueil\",\"item\":\"https:\/\/magical-pascal.51-75-243-206.plesk.page\/\"},{\"@type\":\"ListItem\",\"position\":2,\"name\":\"Engagement \u00c9coresponsable\"}]},{\"@type\":\"WebSite\",\"@id\":\"https:\/\/magical-pascal.51-75-243-206.plesk.page\/#website\",\"url\":\"https:\/\/magical-pascal.51-75-243-206.plesk.page\/\",\"name\":\"BIPILI\",\"description\":\"\",\"potentialAction\":[{\"@type\":\"SearchAction\",\"target\":{\"@type\":\"EntryPoint\",\"urlTemplate\":\"https:\/\/magical-pascal.51-75-243-206.plesk.page\/?s={search_term_string}\"},\"query-input\":{\"@type\":\"PropertyValueSpecification\",\"valueRequired\":true,\"valueName\":\"search_term_string\"}}],\"inLanguage\":\"fr-FR\"}]}<\/script>\n<!-- \/ Yoast SEO plugin. -->","yoast_head_json":{"title":"Engagement \u00c9coresponsable \u2013 Bipili : Qualit\u00e9 Artisanale, Impact Positif","description":"D\u00e9couvrez l\u2019engagement \u00e9coresponsable de Bipili : encres \u00e9cologiques, mati\u00e8res durables, circuits courts, recyclage et production locale.","robots":{"index":"index","follow":"follow","max-snippet":"max-snippet:-1","max-image-preview":"max-image-preview:large","max-video-preview":"max-video-preview:-1"},"canonical":"https:\/\/magical-pascal.51-75-243-206.plesk.page\/?page_id=13","og_locale":"fr_FR","og_type":"article","og_title":"Engagement \u00c9coresponsable \u2013 Bipili : Qualit\u00e9 Artisanale, Impact Positif","og_description":"D\u00e9couvrez l\u2019engagement \u00e9coresponsable de Bipili : encres \u00e9cologiques, mati\u00e8res durables, circuits courts, recyclage et production locale.","og_url":"https:\/\/magical-pascal.51-75-243-206.plesk.page\/?page_id=13","og_site_name":"BIPILI","article_modified_time":"2025-03-07T03:35:32+00:00","twitter_card":"summary_large_image","schema":{"@context":"https:\/\/schema.org","@graph":[{"@type":"WebPage","@id":"https:\/\/magical-pascal.51-75-243-206.plesk.page\/?page_id=13","url":"https:\/\/magical-pascal.51-75-243-206.plesk.page\/?page_id=13","name":"Engagement \u00c9coresponsable \u2013 Bipili : Qualit\u00e9 Artisanale, Impact Positif","isPartOf":{"@id":"https:\/\/magical-pascal.51-75-243-206.plesk.page\/#website"},"datePublished":"2025-03-06T17:25:57+00:00","dateModified":"2025-03-07T03:35:32+00:00","description":"D\u00e9couvrez l\u2019engagement \u00e9coresponsable de Bipili : encres \u00e9cologiques, mati\u00e8res durables, circuits courts, recyclage et production locale.","breadcrumb":{"@id":"https:\/\/magical-pascal.51-75-243-206.plesk.page\/?page_id=13#breadcrumb"},"inLanguage":"fr-FR","potentialAction":[{"@type":"ReadAction","target":["https:\/\/magical-pascal.51-75-243-206.plesk.page\/?page_id=13"]}]},{"@type":"BreadcrumbList","@id":"https:\/\/magical-pascal.51-75-243-206.plesk.page\/?page_id=13#breadcrumb","itemListElement":[{"@type":"ListItem","position":1,"name":"Accueil","item":"https:\/\/magical-pascal.51-75-243-206.plesk.page\/"},{"@type":"ListItem","position":2,"name":"Engagement \u00c9coresponsable"}]},{"@type":"WebSite","@id":"https:\/\/magical-pascal.51-75-243-206.plesk.page\/#website","url":"https:\/\/magical-pascal.51-75-243-206.plesk.page\/","name":"BIPILI","description":"","potentialAction":[{"@type":"SearchAction","target":{"@type":"EntryPoint","urlTemplate":"https:\/\/magical-pascal.51-75-243-206.plesk.page\/?s={search_term_string}"},"query-input":{"@type":"PropertyValueSpecification","valueRequired":true,"valueName":"search_term_string"}}],"inLanguage":"fr-FR"}]}},"_links":{"self":[{"href":"https:\/\/magical-pascal.51-75-243-206.plesk.page\/index.php?rest_route=\/wp\/v2\/pages\/13","targetHints":{"allow":["GET"]}}],"collection":[{"href":"https:\/\/magical-pascal.51-75-243-206.plesk.page\/index.php?rest_route=\/wp\/v2\/pages"}],"about":[{"href":"https:\/\/magical-pascal.51-75-243-206.plesk.page\/index.php?rest_route=\/wp\/v2\/types\/page"}],"author":[{"embeddable":true,"href":"https:\/\/magical-pascal.51-75-243-206.plesk.page\/index.php?rest_route=\/wp\/v2\/users\/1"}],"replies":[{"embeddable":true,"href":"https:\/\/magical-pascal.51-75-243-206.plesk.page\/index.php?rest_route=%2Fwp%2Fv2%2Fcomments&post=13"}],"version-history":[{"count":1,"href":"https:\/\/magical-pascal.51-75-243-206.plesk.page\/index.php?rest_route=\/wp\/v2\/pages\/13\/revisions"}],"predecessor-version":[{"id":14,"href":"https:\/\/magical-pascal.51-75-243-206.plesk.page\/index.php?rest_route=\/wp\/v2\/pages\/13\/revisions\/14"}],"wp:attachment":[{"href":"https:\/\/magical-pascal.51-75-243-206.plesk.page\/index.php?rest_route=%2Fwp%2Fv2%2Fmedia&parent=13"}],"curies":[{"name":"wp","href":"https:\/\/api.w.org\/{rel}","templated":true}]}}